{"id":20,"date":"2022-11-08T12:32:32","date_gmt":"2022-11-08T11:32:32","guid":{"rendered":"http:\/\/gprenovation.fr\/?page_id=20"},"modified":"2022-11-10T12:34:38","modified_gmt":"2022-11-10T11:34:38","slug":"nous-contacter","status":"publish","type":"page","link":"https:\/\/gprenovation.fr\/?page_id=20","title":{"rendered":"Nous contacter"},"content":{"rendered":"\n<div class=\"wp-block-media-text alignwide is-stacked-on-mobile\" style=\"grid-template-columns:15% auto\"><figure class=\"wp-block-media-text__media\"><img loading=\"lazy\" decoding=\"async\" width=\"182\" height=\"148\" src=\"https:\/\/gprenovation.fr\/wp-content\/uploads\/2022\/11\/cropped-GPR-logo.jpg\" alt=\"\" class=\"wp-image-28 size-full\"\/><\/figure><div class=\"wp-block-media-text__content\">\n<p>Afin de nous contacter merci de nous joindre par t\u00e9l\u00e9phone ou par mail qui s&#8217;affichent au dessus du menu.<\/p>\n<\/div><\/div>\n","protected":false},"excerpt":{"rendered":"<p>Afin de nous contacter merci de nous joindre par t\u00e9l\u00e9phone ou par mail qui s&#8217;affichent au dessus du menu.<\/p>\n","protected":false},"author":1,"featured_media":0,"parent":0,"menu_order":0,"comment_status":"closed","ping_status":"closed","template":"","meta":{"footnotes":""},"class_list":["post-20","page","type-page","status-publish","hentry"],"yoast_head":"<!-- This site is optimized with the Yoast SEO plugin v20.4 - https:\/\/yoast.com\/wordpress\/plugins\/seo\/ -->\n<title>Nous contacter - GP R\u00e9novation<\/title>\n<meta name=\"robots\" content=\"index, follow, max-snippet:-1, max-image-preview:large, max-video-preview:-1\" \/>\n<link rel=\"canonical\" href=\"https:\/\/gprenovation.fr\/?page_id=20\" \/>\n<meta property=\"og:locale\" content=\"en_US\" \/>\n<meta property=\"og:type\" content=\"article\" \/>\n<meta property=\"og:title\" content=\"Nous contacter - GP R\u00e9novation\" \/>\n<meta property=\"og:description\" content=\"Afin de nous contacter merci de nous joindre par t\u00e9l\u00e9phone ou par mail qui s&#8217;affichent au dessus du menu.\" \/>\n<meta property=\"og:url\" content=\"https:\/\/gprenovation.fr\/?page_id=20\" \/>\n<meta property=\"og:site_name\" content=\"GP R\u00e9novation\" \/>\n<meta property=\"article:modified_time\" content=\"2022-11-10T11:34:38+00:00\" \/>\n<meta property=\"og:image\" content=\"http:\/\/gprenovation.fr\/wp-content\/uploads\/2022\/11\/cropped-GPR-logo.jpg\" \/>\n<meta name=\"twitter:card\" content=\"summary_large_image\" \/>\n<script type=\"application\/ld+json\" class=\"yoast-schema-graph\">{\"@context\":\"https:\/\/schema.org\",\"@graph\":[{\"@type\":\"WebPage\",\"@id\":\"https:\/\/gprenovation.fr\/?page_id=20\",\"url\":\"https:\/\/gprenovation.fr\/?page_id=20\",\"name\":\"Nous contacter - GP R\u00e9novation\",\"isPartOf\":{\"@id\":\"https:\/\/gprenovation.fr\/#website\"},\"datePublished\":\"2022-11-08T11:32:32+00:00\",\"dateModified\":\"2022-11-10T11:34:38+00:00\",\"breadcrumb\":{\"@id\":\"https:\/\/gprenovation.fr\/?page_id=20#breadcrumb\"},\"inLanguage\":\"en-US\",\"potentialAction\":[{\"@type\":\"ReadAction\",\"target\":[\"https:\/\/gprenovation.fr\/?page_id=20\"]}]},{\"@type\":\"BreadcrumbList\",\"@id\":\"https:\/\/gprenovation.fr\/?page_id=20#breadcrumb\",\"itemListElement\":[{\"@type\":\"ListItem\",\"position\":1,\"name\":\"Accueil\",\"item\":\"https:\/\/gprenovation.fr\/\"},{\"@type\":\"ListItem\",\"position\":2,\"name\":\"Nous contacter\"}]},{\"@type\":\"WebSite\",\"@id\":\"https:\/\/gprenovation.fr\/#website\",\"url\":\"https:\/\/gprenovation.fr\/\",\"name\":\"GP R\u00e9novation\",\"description\":\"Avec nous c&#039;est carr\u00e9 !\",\"publisher\":{\"@id\":\"https:\/\/gprenovation.fr\/#organization\"},\"potentialAction\":[{\"@type\":\"SearchAction\",\"target\":{\"@type\":\"EntryPoint\",\"urlTemplate\":\"https:\/\/gprenovation.fr\/?s={search_term_string}\"},\"query-input\":\"required name=search_term_string\"}],\"inLanguage\":\"en-US\"},{\"@type\":\"Organization\",\"@id\":\"https:\/\/gprenovation.fr\/#organization\",\"name\":\"GP R\u00e9novation\",\"url\":\"https:\/\/gprenovation.fr\/\",\"logo\":{\"@type\":\"ImageObject\",\"inLanguage\":\"en-US\",\"@id\":\"https:\/\/gprenovation.fr\/#\/schema\/logo\/image\/\",\"url\":\"https:\/\/gprenovation.fr\/wp-content\/uploads\/2022\/12\/cropped-icon.png\",\"contentUrl\":\"https:\/\/gprenovation.fr\/wp-content\/uploads\/2022\/12\/cropped-icon.png\",\"width\":500,\"height\":500,\"caption\":\"GP R\u00e9novation\"},\"image\":{\"@id\":\"https:\/\/gprenovation.fr\/#\/schema\/logo\/image\/\"}}]}<\/script>\n<!-- \/ Yoast SEO plugin. -->","yoast_head_json":{"title":"Nous contacter - GP R\u00e9novation","robots":{"index":"index","follow":"follow","max-snippet":"max-snippet:-1","max-image-preview":"max-image-preview:large","max-video-preview":"max-video-preview:-1"},"canonical":"https:\/\/gprenovation.fr\/?page_id=20","og_locale":"en_US","og_type":"article","og_title":"Nous contacter - GP R\u00e9novation","og_description":"Afin de nous contacter merci de nous joindre par t\u00e9l\u00e9phone ou par mail qui s&#8217;affichent au dessus du menu.","og_url":"https:\/\/gprenovation.fr\/?page_id=20","og_site_name":"GP R\u00e9novation","article_modified_time":"2022-11-10T11:34:38+00:00","og_image":[{"url":"http:\/\/gprenovation.fr\/wp-content\/uploads\/2022\/11\/cropped-GPR-logo.jpg"}],"twitter_card":"summary_large_image","schema":{"@context":"https:\/\/schema.org","@graph":[{"@type":"WebPage","@id":"https:\/\/gprenovation.fr\/?page_id=20","url":"https:\/\/gprenovation.fr\/?page_id=20","name":"Nous contacter - GP R\u00e9novation","isPartOf":{"@id":"https:\/\/gprenovation.fr\/#website"},"datePublished":"2022-11-08T11:32:32+00:00","dateModified":"2022-11-10T11:34:38+00:00","breadcrumb":{"@id":"https:\/\/gprenovation.fr\/?page_id=20#breadcrumb"},"inLanguage":"en-US","potentialAction":[{"@type":"ReadAction","target":["https:\/\/gprenovation.fr\/?page_id=20"]}]},{"@type":"BreadcrumbList","@id":"https:\/\/gprenovation.fr\/?page_id=20#breadcrumb","itemListElement":[{"@type":"ListItem","position":1,"name":"Accueil","item":"https:\/\/gprenovation.fr\/"},{"@type":"ListItem","position":2,"name":"Nous contacter"}]},{"@type":"WebSite","@id":"https:\/\/gprenovation.fr\/#website","url":"https:\/\/gprenovation.fr\/","name":"GP R\u00e9novation","description":"Avec nous c&#039;est carr\u00e9 !","publisher":{"@id":"https:\/\/gprenovation.fr\/#organization"},"potentialAction":[{"@type":"SearchAction","target":{"@type":"EntryPoint","urlTemplate":"https:\/\/gprenovation.fr\/?s={search_term_string}"},"query-input":"required name=search_term_string"}],"inLanguage":"en-US"},{"@type":"Organization","@id":"https:\/\/gprenovation.fr\/#organization","name":"GP R\u00e9novation","url":"https:\/\/gprenovation.fr\/","logo":{"@type":"ImageObject","inLanguage":"en-US","@id":"https:\/\/gprenovation.fr\/#\/schema\/logo\/image\/","url":"https:\/\/gprenovation.fr\/wp-content\/uploads\/2022\/12\/cropped-icon.png","contentUrl":"https:\/\/gprenovation.fr\/wp-content\/uploads\/2022\/12\/cropped-icon.png","width":500,"height":500,"caption":"GP R\u00e9novation"},"image":{"@id":"https:\/\/gprenovation.fr\/#\/schema\/logo\/image\/"}}]}},"_links":{"self":[{"href":"https:\/\/gprenovation.fr\/index.php?rest_route=\/wp\/v2\/pages\/20","targetHints":{"allow":["GET"]}}],"collection":[{"href":"https:\/\/gprenovation.fr\/index.php?rest_route=\/wp\/v2\/pages"}],"about":[{"href":"https:\/\/gprenovation.fr\/index.php?rest_route=\/wp\/v2\/types\/page"}],"author":[{"embeddable":true,"href":"https:\/\/gprenovation.fr\/index.php?rest_route=\/wp\/v2\/users\/1"}],"replies":[{"embeddable":true,"href":"https:\/\/gprenovation.fr\/index.php?rest_route=%2Fwp%2Fv2%2Fcomments&post=20"}],"version-history":[{"count":2,"href":"https:\/\/gprenovation.fr\/index.php?rest_route=\/wp\/v2\/pages\/20\/revisions"}],"predecessor-version":[{"id":79,"href":"https:\/\/gprenovation.fr\/index.php?rest_route=\/wp\/v2\/pages\/20\/revisions\/79"}],"wp:attachment":[{"href":"https:\/\/gprenovation.fr\/index.php?rest_route=%2Fwp%2Fv2%2Fmedia&parent=20"}],"curies":[{"name":"wp","href":"https:\/\/api.w.org\/{rel}","templated":true}]}}