{"id":18,"date":"2022-11-08T12:30:27","date_gmt":"2022-11-08T11:30:27","guid":{"rendered":"http:\/\/gprenovation.fr\/?page_id=18"},"modified":"2022-11-20T11:21:03","modified_gmt":"2022-11-20T10:21:03","slug":"nos-realisations","status":"publish","type":"page","link":"https:\/\/gprenovation.fr\/?page_id=18","title":{"rendered":"Nos r\u00e9alisations"},"content":{"rendered":"\n<p>Parce que certaines images valent mieux que mille mots, nous vous montrons certains de nos chantiers, travaux et r\u00e9sultats finals.<\/p>\n\n\n\n<div class=\"wp-block-columns alignfull is-layout-flex wp-container-core-columns-is-layout-9d6595d7 wp-block-columns-is-layout-flex\">\n<div class=\"wp-block-column is-layout-flow wp-block-column-is-layout-flow\" style=\"flex-basis:50%\">\n<div class=\"wp-block-cover is-light\" style=\"min-height:335px;aspect-ratio:unset;\"><span aria-hidden=\"true\" class=\"wp-block-cover__background has-background-dim-100 has-background-dim\" style=\"background-color:#f6f6f6\"><\/span><div class=\"wp-block-cover__inner-container is-layout-flow wp-block-cover-is-layout-flow\">\n<div class=\"wp-block-media-text alignwide is-stacked-on-mobile\"><figure class=\"wp-block-media-text__media\"><img loading=\"lazy\" decoding=\"async\" width=\"1024\" height=\"768\" src=\"https:\/\/gprenovation.fr\/wp-content\/uploads\/2022\/11\/thumbnail_IMG_0176-1024x768.jpeg\" alt=\"\" class=\"wp-image-81 size-full\" srcset=\"https:\/\/gprenovation.fr\/wp-content\/uploads\/2022\/11\/thumbnail_IMG_0176-1024x768.jpeg 1024w, https:\/\/gprenovation.fr\/wp-content\/uploads\/2022\/11\/thumbnail_IMG_0176-300x225.jpeg 300w, https:\/\/gprenovation.fr\/wp-content\/uploads\/2022\/11\/thumbnail_IMG_0176-768x576.jpeg 768w, https:\/\/gprenovation.fr\/wp-content\/uploads\/2022\/11\/thumbnail_IMG_0176.jpeg 1280w\" sizes=\"auto, (max-width: 1024px) 100vw, 1024px\" \/><\/figure><div class=\"wp-block-media-text__content\">\n<p class=\"has-vivid-red-color has-text-color has-small-font-size\" style=\"line-height:1.6\"><strong>CUISINE + SALON S\u00c9JOUR<\/strong><\/p>\n\n\n\n<p class=\"has-vivid-red-color has-text-color has-small-font-size\" style=\"line-height:1.6\">R\u00e9novation compl\u00e8te avec l&#8217;ouverture d&#8217;un mur, la cr\u00e9ation de placards, le placo du plafond et du mur avec la chambre principale, la pose d&#8217;un sol bi-ton et la peinture des murs.<\/p>\n<\/div><\/div>\n<\/div><\/div>\n<\/div>\n\n\n\n<div class=\"wp-block-column is-vertically-aligned-center is-layout-flow wp-block-column-is-layout-flow\" style=\"padding-top:1em;padding-right:1em;padding-bottom:1em;padding-left:1em\">\n<div class=\"wp-block-columns is-layout-flex wp-container-core-columns-is-layout-9d6595d7 wp-block-columns-is-layout-flex\"><\/div>\n<\/div>\n<\/div>\n\n\n\n<div class=\"wp-block-media-text alignwide is-stacked-on-mobile\"><figure class=\"wp-block-media-text__media\"><img loading=\"lazy\" decoding=\"async\" width=\"1024\" height=\"768\" src=\"https:\/\/gprenovation.fr\/wp-content\/uploads\/2022\/11\/thumbnail_IMG_0176-1024x768.jpeg\" alt=\"\" class=\"wp-image-81 size-full\" srcset=\"https:\/\/gprenovation.fr\/wp-content\/uploads\/2022\/11\/thumbnail_IMG_0176-1024x768.jpeg 1024w, https:\/\/gprenovation.fr\/wp-content\/uploads\/2022\/11\/thumbnail_IMG_0176-300x225.jpeg 300w, https:\/\/gprenovation.fr\/wp-content\/uploads\/2022\/11\/thumbnail_IMG_0176-768x576.jpeg 768w, https:\/\/gprenovation.fr\/wp-content\/uploads\/2022\/11\/thumbnail_IMG_0176.jpeg 1280w\" sizes=\"auto, (max-width: 1024px) 100vw, 1024px\" \/><\/figure><div class=\"wp-block-media-text__content\">\n<p>Salon- s\u00e9jour enti\u00e8rement r\u00e9nov\u00e9 (placo + peinture + sol pvc) sur Can\u00e9jan<\/p>\n<\/div><\/div>\n\n\n\n<p><\/p>\n\n\n\n<div class=\"wp-block-media-text alignwide has-media-on-the-right is-stacked-on-mobile\" style=\"grid-template-columns:auto 49%\"><div class=\"wp-block-media-text__content\">\n<p>Appartement enti\u00e8rement refait \u00e0 neuf dans le 47<\/p>\n<\/div><figure class=\"wp-block-media-text__media\"><img loading=\"lazy\" decoding=\"async\" width=\"1024\" height=\"768\" src=\"https:\/\/gprenovation.fr\/wp-content\/uploads\/2022\/11\/IMG_1886-1024x768.jpg\" alt=\"\" class=\"wp-image-74 size-full\" srcset=\"https:\/\/gprenovation.fr\/wp-content\/uploads\/2022\/11\/IMG_1886-1024x768.jpg 1024w, https:\/\/gprenovation.fr\/wp-content\/uploads\/2022\/11\/IMG_1886-300x225.jpg 300w, https:\/\/gprenovation.fr\/wp-content\/uploads\/2022\/11\/IMG_1886-768x576.jpg 768w, https:\/\/gprenovation.fr\/wp-content\/uploads\/2022\/11\/IMG_1886-1536x1152.jpg 1536w, https:\/\/gprenovation.fr\/wp-content\/uploads\/2022\/11\/IMG_1886.jpg 2016w\" sizes=\"auto, (max-width: 1024px) 100vw, 1024px\" \/><\/figure><\/div>\n\n\n\n<p><\/p>\n\n\n\n<div class=\"wp-block-media-text alignwide is-stacked-on-mobile\"><figure class=\"wp-block-media-text__media\"><img loading=\"lazy\" decoding=\"async\" width=\"608\" height=\"405\" src=\"https:\/\/gprenovation.fr\/wp-content\/uploads\/2022\/11\/sdb.jpg\" alt=\"\" class=\"wp-image-71 size-full\" srcset=\"https:\/\/gprenovation.fr\/wp-content\/uploads\/2022\/11\/sdb.jpg 608w, https:\/\/gprenovation.fr\/wp-content\/uploads\/2022\/11\/sdb-300x200.jpg 300w\" sizes=\"auto, (max-width: 608px) 100vw, 608px\" \/><\/figure><div class=\"wp-block-media-text__content\">\n<p>R\u00e9alisation d&#8217;une salle de bain compl\u00e8te sur GRADIGNAN<\/p>\n<\/div><\/div>\n\n\n\n<p><\/p>\n\n\n\n<div class=\"wp-block-media-text alignwide has-media-on-the-right is-stacked-on-mobile\" style=\"grid-template-columns:auto 49%\"><div class=\"wp-block-media-text__content\">\n<p>Finitions (carrelage + cuisine + peinture) r\u00e9alis\u00e9es sur une maison \u00e0 Can\u00e9jan<\/p>\n<\/div><figure class=\"wp-block-media-text__media\"><img loading=\"lazy\" decoding=\"async\" width=\"1024\" height=\"576\" src=\"https:\/\/gprenovation.fr\/wp-content\/uploads\/2022\/11\/canejan-b1-1-1024x576.jpg\" alt=\"\" class=\"wp-image-60 size-full\" srcset=\"https:\/\/gprenovation.fr\/wp-content\/uploads\/2022\/11\/canejan-b1-1-1024x576.jpg 1024w, https:\/\/gprenovation.fr\/wp-content\/uploads\/2022\/11\/canejan-b1-1-300x169.jpg 300w, https:\/\/gprenovation.fr\/wp-content\/uploads\/2022\/11\/canejan-b1-1-768x432.jpg 768w, https:\/\/gprenovation.fr\/wp-content\/uploads\/2022\/11\/canejan-b1-1-1536x864.jpg 1536w, https:\/\/gprenovation.fr\/wp-content\/uploads\/2022\/11\/canejan-b1-1-2048x1152.jpg 2048w\" sizes=\"auto, (max-width: 1024px) 100vw, 1024px\" \/><\/figure><\/div>\n\n\n\n<p><\/p>\n\n\n\n<div class=\"wp-block-media-text alignwide is-stacked-on-mobile\"><figure class=\"wp-block-media-text__media\"><\/figure><div class=\"wp-block-media-text__content\">\n<p><\/p>\n<\/div><\/div>\n","protected":false},"excerpt":{"rendered":"<p>Parce que certaines images valent mieux que mille mots, nous vous montrons certains de nos chantiers, travaux et r\u00e9sultats finals. Salon- s\u00e9jour enti\u00e8rement r\u00e9nov\u00e9 (placo + peinture + sol pvc) sur Can\u00e9jan Appartement enti\u00e8rement refait \u00e0 neuf dans le 47 R\u00e9alisation d&#8217;une salle de bain compl\u00e8te sur GRADIGNAN Finitions (carrelage + cuisine + peinture) r\u00e9alis\u00e9es [&hellip;]<\/p>\n","protected":false},"author":1,"featured_media":102,"parent":0,"menu_order":0,"comment_status":"closed","ping_status":"closed","template":"","meta":{"footnotes":""},"class_list":["post-18","page","type-page","status-publish","has-post-thumbnail","hentry"],"yoast_head":"<!-- This site is optimized with the Yoast SEO plugin v20.4 - https:\/\/yoast.com\/wordpress\/plugins\/seo\/ -->\n<title>Nos r\u00e9alisations - GP R\u00e9novation<\/title>\n<meta name=\"robots\" content=\"index, follow, max-snippet:-1, max-image-preview:large, max-video-preview:-1\" \/>\n<link rel=\"canonical\" href=\"https:\/\/gprenovation.fr\/?page_id=18\" \/>\n<meta property=\"og:locale\" content=\"en_US\" \/>\n<meta property=\"og:type\" content=\"article\" \/>\n<meta property=\"og:title\" content=\"Nos r\u00e9alisations - GP R\u00e9novation\" \/>\n<meta property=\"og:description\" content=\"Parce que certaines images valent mieux que mille mots, nous vous montrons certains de nos chantiers, travaux et r\u00e9sultats finals. Salon- s\u00e9jour enti\u00e8rement r\u00e9nov\u00e9 (placo + peinture + sol pvc) sur Can\u00e9jan Appartement enti\u00e8rement refait \u00e0 neuf dans le 47 R\u00e9alisation d&#8217;une salle de bain compl\u00e8te sur GRADIGNAN Finitions (carrelage + cuisine + peinture) r\u00e9alis\u00e9es [&hellip;]\" \/>\n<meta property=\"og:url\" content=\"https:\/\/gprenovation.fr\/?page_id=18\" \/>\n<meta property=\"og:site_name\" content=\"GP R\u00e9novation\" \/>\n<meta property=\"article:modified_time\" content=\"2022-11-20T10:21:03+00:00\" \/>\n<meta property=\"og:image\" content=\"https:\/\/gprenovation.fr\/wp-content\/uploads\/2022\/11\/cropped-thumbnail_IMG_7573.jpeg\" \/>\n\t<meta property=\"og:image:width\" content=\"960\" \/>\n\t<meta property=\"og:image:height\" content=\"240\" \/>\n\t<meta property=\"og:image:type\" content=\"image\/jpeg\" \/>\n<meta name=\"twitter:card\" content=\"summary_large_image\" \/>\n<meta name=\"twitter:label1\" content=\"Est. reading time\" \/>\n\t<meta name=\"twitter:data1\" content=\"1 minute\" \/>\n<script type=\"application\/ld+json\" class=\"yoast-schema-graph\">{\"@context\":\"https:\/\/schema.org\",\"@graph\":[{\"@type\":\"WebPage\",\"@id\":\"https:\/\/gprenovation.fr\/?page_id=18\",\"url\":\"https:\/\/gprenovation.fr\/?page_id=18\",\"name\":\"Nos r\u00e9alisations - GP R\u00e9novation\",\"isPartOf\":{\"@id\":\"https:\/\/gprenovation.fr\/#website\"},\"datePublished\":\"2022-11-08T11:30:27+00:00\",\"dateModified\":\"2022-11-20T10:21:03+00:00\",\"breadcrumb\":{\"@id\":\"https:\/\/gprenovation.fr\/?page_id=18#breadcrumb\"},\"inLanguage\":\"en-US\",\"potentialAction\":[{\"@type\":\"ReadAction\",\"target\":[\"https:\/\/gprenovation.fr\/?page_id=18\"]}]},{\"@type\":\"BreadcrumbList\",\"@id\":\"https:\/\/gprenovation.fr\/?page_id=18#breadcrumb\",\"itemListElement\":[{\"@type\":\"ListItem\",\"position\":1,\"name\":\"Accueil\",\"item\":\"https:\/\/gprenovation.fr\/\"},{\"@type\":\"ListItem\",\"position\":2,\"name\":\"Nos r\u00e9alisations\"}]},{\"@type\":\"WebSite\",\"@id\":\"https:\/\/gprenovation.fr\/#website\",\"url\":\"https:\/\/gprenovation.fr\/\",\"name\":\"GP R\u00e9novation\",\"description\":\"Avec nous c&#039;est carr\u00e9 !\",\"publisher\":{\"@id\":\"https:\/\/gprenovation.fr\/#organization\"},\"potentialAction\":[{\"@type\":\"SearchAction\",\"target\":{\"@type\":\"EntryPoint\",\"urlTemplate\":\"https:\/\/gprenovation.fr\/?s={search_term_string}\"},\"query-input\":\"required name=search_term_string\"}],\"inLanguage\":\"en-US\"},{\"@type\":\"Organization\",\"@id\":\"https:\/\/gprenovation.fr\/#organization\",\"name\":\"GP R\u00e9novation\",\"url\":\"https:\/\/gprenovation.fr\/\",\"logo\":{\"@type\":\"ImageObject\",\"inLanguage\":\"en-US\",\"@id\":\"https:\/\/gprenovation.fr\/#\/schema\/logo\/image\/\",\"url\":\"https:\/\/gprenovation.fr\/wp-content\/uploads\/2022\/12\/cropped-icon.png\",\"contentUrl\":\"https:\/\/gprenovation.fr\/wp-content\/uploads\/2022\/12\/cropped-icon.png\",\"width\":500,\"height\":500,\"caption\":\"GP R\u00e9novation\"},\"image\":{\"@id\":\"https:\/\/gprenovation.fr\/#\/schema\/logo\/image\/\"}}]}<\/script>\n<!-- \/ Yoast SEO plugin. -->","yoast_head_json":{"title":"Nos r\u00e9alisations - GP R\u00e9novation","robots":{"index":"index","follow":"follow","max-snippet":"max-snippet:-1","max-image-preview":"max-image-preview:large","max-video-preview":"max-video-preview:-1"},"canonical":"https:\/\/gprenovation.fr\/?page_id=18","og_locale":"en_US","og_type":"article","og_title":"Nos r\u00e9alisations - GP R\u00e9novation","og_description":"Parce que certaines images valent mieux que mille mots, nous vous montrons certains de nos chantiers, travaux et r\u00e9sultats finals. Salon- s\u00e9jour enti\u00e8rement r\u00e9nov\u00e9 (placo + peinture + sol pvc) sur Can\u00e9jan Appartement enti\u00e8rement refait \u00e0 neuf dans le 47 R\u00e9alisation d&#8217;une salle de bain compl\u00e8te sur GRADIGNAN Finitions (carrelage + cuisine + peinture) r\u00e9alis\u00e9es [&hellip;]","og_url":"https:\/\/gprenovation.fr\/?page_id=18","og_site_name":"GP R\u00e9novation","article_modified_time":"2022-11-20T10:21:03+00:00","og_image":[{"width":960,"height":240,"url":"https:\/\/gprenovation.fr\/wp-content\/uploads\/2022\/11\/cropped-thumbnail_IMG_7573.jpeg","type":"image\/jpeg"}],"twitter_card":"summary_large_image","twitter_misc":{"Est. reading time":"1 minute"},"schema":{"@context":"https:\/\/schema.org","@graph":[{"@type":"WebPage","@id":"https:\/\/gprenovation.fr\/?page_id=18","url":"https:\/\/gprenovation.fr\/?page_id=18","name":"Nos r\u00e9alisations - GP R\u00e9novation","isPartOf":{"@id":"https:\/\/gprenovation.fr\/#website"},"datePublished":"2022-11-08T11:30:27+00:00","dateModified":"2022-11-20T10:21:03+00:00","breadcrumb":{"@id":"https:\/\/gprenovation.fr\/?page_id=18#breadcrumb"},"inLanguage":"en-US","potentialAction":[{"@type":"ReadAction","target":["https:\/\/gprenovation.fr\/?page_id=18"]}]},{"@type":"BreadcrumbList","@id":"https:\/\/gprenovation.fr\/?page_id=18#breadcrumb","itemListElement":[{"@type":"ListItem","position":1,"name":"Accueil","item":"https:\/\/gprenovation.fr\/"},{"@type":"ListItem","position":2,"name":"Nos r\u00e9alisations"}]},{"@type":"WebSite","@id":"https:\/\/gprenovation.fr\/#website","url":"https:\/\/gprenovation.fr\/","name":"GP R\u00e9novation","description":"Avec nous c&#039;est carr\u00e9 !","publisher":{"@id":"https:\/\/gprenovation.fr\/#organization"},"potentialAction":[{"@type":"SearchAction","target":{"@type":"EntryPoint","urlTemplate":"https:\/\/gprenovation.fr\/?s={search_term_string}"},"query-input":"required name=search_term_string"}],"inLanguage":"en-US"},{"@type":"Organization","@id":"https:\/\/gprenovation.fr\/#organization","name":"GP R\u00e9novation","url":"https:\/\/gprenovation.fr\/","logo":{"@type":"ImageObject","inLanguage":"en-US","@id":"https:\/\/gprenovation.fr\/#\/schema\/logo\/image\/","url":"https:\/\/gprenovation.fr\/wp-content\/uploads\/2022\/12\/cropped-icon.png","contentUrl":"https:\/\/gprenovation.fr\/wp-content\/uploads\/2022\/12\/cropped-icon.png","width":500,"height":500,"caption":"GP R\u00e9novation"},"image":{"@id":"https:\/\/gprenovation.fr\/#\/schema\/logo\/image\/"}}]}},"_links":{"self":[{"href":"https:\/\/gprenovation.fr\/index.php?rest_route=\/wp\/v2\/pages\/18","targetHints":{"allow":["GET"]}}],"collection":[{"href":"https:\/\/gprenovation.fr\/index.php?rest_route=\/wp\/v2\/pages"}],"about":[{"href":"https:\/\/gprenovation.fr\/index.php?rest_route=\/wp\/v2\/types\/page"}],"author":[{"embeddable":true,"href":"https:\/\/gprenovation.fr\/index.php?rest_route=\/wp\/v2\/users\/1"}],"replies":[{"embeddable":true,"href":"https:\/\/gprenovation.fr\/index.php?rest_route=%2Fwp%2Fv2%2Fcomments&post=18"}],"version-history":[{"count":15,"href":"https:\/\/gprenovation.fr\/index.php?rest_route=\/wp\/v2\/pages\/18\/revisions"}],"predecessor-version":[{"id":164,"href":"https:\/\/gprenovation.fr\/index.php?rest_route=\/wp\/v2\/pages\/18\/revisions\/164"}],"wp:featuredmedia":[{"embeddable":true,"href":"https:\/\/gprenovation.fr\/index.php?rest_route=\/wp\/v2\/media\/102"}],"wp:attachment":[{"href":"https:\/\/gprenovation.fr\/index.php?rest_route=%2Fwp%2Fv2%2Fmedia&parent=18"}],"curies":[{"name":"wp","href":"https:\/\/api.w.org\/{rel}","templated":true}]}}