{"id":16,"date":"2022-11-08T12:26:14","date_gmt":"2022-11-08T11:26:14","guid":{"rendered":"http:\/\/gprenovation.fr\/?page_id=16"},"modified":"2022-11-24T10:51:16","modified_gmt":"2022-11-24T09:51:16","slug":"nos-prestations","status":"publish","type":"page","link":"https:\/\/gprenovation.fr\/?page_id=16","title":{"rendered":"Nos prestations"},"content":{"rendered":"\n<p>Mettez de la couleur dans votre vie en profitant de notre savoir-faire dans chacune des pi\u00e8ces de chez vous.<\/p>\n\n\n\n<p>                                                           <\/p>\n\n\n\n<div class=\"wp-block-columns alignwide is-layout-flex wp-container-core-columns-is-layout-9d6595d7 wp-block-columns-is-layout-flex\">\n<div class=\"wp-block-column has-text-color has-background has-link-color wp-elements-44293765d35177872bcd32e00ff4035e is-layout-flow wp-block-column-is-layout-flow\" style=\"color:#000000;background-color:#ffe97d;padding-top:2em;padding-right:2em;padding-bottom:2em;padding-left:2em\">\n<h2 class=\"wp-block-heading\" id=\"single\" style=\"font-size:40px\">Salle de bain<\/h2>\n\n\n\n<p class=\"has-normal-font-size\" style=\"line-height:1.5\"><strong>Nous nous occupons de votre salle de bain de A \u00e0 Z.<\/strong>                                     <\/p>\n\n\n\n<hr class=\"wp-block-separator has-text-color has-css-opacity has-background is-style-wide\" style=\"background-color:#000000;color:#000000\"\/>\n\n\n\n<ul class=\"has-normal-font-size wp-block-list\">\n<li><strong>Projet plan 3D<\/strong><\/li>\n\n\n\n<li>Plomberie, Carrelage<\/li>\n\n\n\n<li>Pose bac \u00e0 douche, meuble vasque, paroi de douche&#8230;<\/li>\n\n\n\n<li>Peinture<\/li>\n<\/ul>\n<\/div>\n\n\n\n<div class=\"wp-block-column has-text-color has-background has-link-color wp-elements-353665736e435e85776c0207d4eba1b2 is-layout-flow wp-block-column-is-layout-flow\" style=\"color:#000000;background-color:#d1d1e1;padding-top:2em;padding-right:2em;padding-bottom:2em;padding-left:2em\">\n<h2 class=\"wp-block-heading\" id=\"family\" style=\"font-size:40px\">R\u00e9novations <\/h2>\n\n\n\n<p class=\"has-normal-font-size\" style=\"line-height:1.5\"><strong>Et si on faisait toute la r\u00e9novation int\u00e9rieure de chez vous<\/strong> <strong>? <\/strong><\/p>\n\n\n\n<hr class=\"wp-block-separator has-css-opacity is-style-wide\"\/>\n\n\n\n<ul class=\"has-normal-font-size wp-block-list\">\n<li>Am\u00e9nagement int\u00e9rieur<\/li>\n\n\n\n<li>Pl\u00e2trerie<\/li>\n\n\n\n<li>Jointage<\/li>\n\n\n\n<li>Carrelage, parquet&#8230;<\/li>\n\n\n\n<li>Peinture<\/li>\n<\/ul>\n<\/div>\n\n\n\n<div class=\"wp-block-column has-text-color has-background has-link-color wp-elements-12b9a1fc29f80b2b957ed1388786164d is-layout-flow wp-block-column-is-layout-flow\" style=\"color:#000000;background-color:#c0ebf1;padding-top:2em;padding-right:2em;padding-bottom:2em;padding-left:2em\">\n<h2 class=\"wp-block-heading\" id=\"patron\" style=\"font-size:40px\"><strong>Autres travaux<\/strong><\/h2>\n\n\n\n<p class=\"has-normal-font-size\"><strong>Vous ne pourrez plus vous passer de nous \ud83d\ude42 <\/strong><\/p>\n\n\n\n<hr class=\"wp-block-separator has-css-opacity is-style-wide\"\/>\n\n\n\n<ul class=\"has-normal-font-size wp-block-list\">\n<li>Pose de terrasses en bois<\/li>\n\n\n\n<li>Bardage ext\u00e9rieur<\/li>\n\n\n\n<li>Pose de cuisine<\/li>\n\n\n\n<li>Pose de meubles<\/li>\n\n\n\n<li>Projet plan 3D<\/li>\n<\/ul>\n<\/div>\n<\/div>\n","protected":false},"excerpt":{"rendered":"<p>Mettez de la couleur dans votre vie en profitant de notre savoir-faire dans chacune des pi\u00e8ces de chez vous. Salle de bain Nous nous occupons de votre salle de bain de A \u00e0 Z. R\u00e9novations Et si on faisait toute la r\u00e9novation int\u00e9rieure de chez vous ? Autres travaux Vous ne pourrez plus vous passer [&hellip;]<\/p>\n","protected":false},"author":1,"featured_media":100,"parent":0,"menu_order":0,"comment_status":"closed","ping_status":"closed","template":"","meta":{"footnotes":""},"class_list":["post-16","page","type-page","status-publish","has-post-thumbnail","hentry"],"yoast_head":"<!-- This site is optimized with the Yoast SEO plugin v20.4 - https:\/\/yoast.com\/wordpress\/plugins\/seo\/ -->\n<title>Nos prestations - GP R\u00e9novation<\/title>\n<meta name=\"robots\" content=\"index, follow, max-snippet:-1, max-image-preview:large, max-video-preview:-1\" \/>\n<link rel=\"canonical\" href=\"https:\/\/gprenovation.fr\/?page_id=16\" \/>\n<meta property=\"og:locale\" content=\"en_US\" \/>\n<meta property=\"og:type\" content=\"article\" \/>\n<meta property=\"og:title\" content=\"Nos prestations - GP R\u00e9novation\" \/>\n<meta property=\"og:description\" content=\"Mettez de la couleur dans votre vie en profitant de notre savoir-faire dans chacune des pi\u00e8ces de chez vous. Salle de bain Nous nous occupons de votre salle de bain de A \u00e0 Z. R\u00e9novations Et si on faisait toute la r\u00e9novation int\u00e9rieure de chez vous ? Autres travaux Vous ne pourrez plus vous passer [&hellip;]\" \/>\n<meta property=\"og:url\" content=\"https:\/\/gprenovation.fr\/?page_id=16\" \/>\n<meta property=\"og:site_name\" content=\"GP R\u00e9novation\" \/>\n<meta property=\"article:modified_time\" content=\"2022-11-24T09:51:16+00:00\" \/>\n<meta property=\"og:image\" content=\"https:\/\/gprenovation.fr\/wp-content\/uploads\/2022\/11\/cropped-tools-g16702f626_1920.jpg\" \/>\n\t<meta property=\"og:image:width\" content=\"1600\" \/>\n\t<meta property=\"og:image:height\" content=\"400\" \/>\n\t<meta property=\"og:image:type\" content=\"image\/jpeg\" \/>\n<meta name=\"twitter:card\" content=\"summary_large_image\" \/>\n<meta name=\"twitter:label1\" content=\"Est. reading time\" \/>\n\t<meta name=\"twitter:data1\" content=\"1 minute\" \/>\n<script type=\"application\/ld+json\" class=\"yoast-schema-graph\">{\"@context\":\"https:\/\/schema.org\",\"@graph\":[{\"@type\":\"WebPage\",\"@id\":\"https:\/\/gprenovation.fr\/?page_id=16\",\"url\":\"https:\/\/gprenovation.fr\/?page_id=16\",\"name\":\"Nos prestations - GP R\u00e9novation\",\"isPartOf\":{\"@id\":\"https:\/\/gprenovation.fr\/#website\"},\"datePublished\":\"2022-11-08T11:26:14+00:00\",\"dateModified\":\"2022-11-24T09:51:16+00:00\",\"breadcrumb\":{\"@id\":\"https:\/\/gprenovation.fr\/?page_id=16#breadcrumb\"},\"inLanguage\":\"en-US\",\"potentialAction\":[{\"@type\":\"ReadAction\",\"target\":[\"https:\/\/gprenovation.fr\/?page_id=16\"]}]},{\"@type\":\"BreadcrumbList\",\"@id\":\"https:\/\/gprenovation.fr\/?page_id=16#breadcrumb\",\"itemListElement\":[{\"@type\":\"ListItem\",\"position\":1,\"name\":\"Accueil\",\"item\":\"https:\/\/gprenovation.fr\/\"},{\"@type\":\"ListItem\",\"position\":2,\"name\":\"Nos prestations\"}]},{\"@type\":\"WebSite\",\"@id\":\"https:\/\/gprenovation.fr\/#website\",\"url\":\"https:\/\/gprenovation.fr\/\",\"name\":\"GP R\u00e9novation\",\"description\":\"Avec nous c&#039;est carr\u00e9 !\",\"publisher\":{\"@id\":\"https:\/\/gprenovation.fr\/#organization\"},\"potentialAction\":[{\"@type\":\"SearchAction\",\"target\":{\"@type\":\"EntryPoint\",\"urlTemplate\":\"https:\/\/gprenovation.fr\/?s={search_term_string}\"},\"query-input\":\"required name=search_term_string\"}],\"inLanguage\":\"en-US\"},{\"@type\":\"Organization\",\"@id\":\"https:\/\/gprenovation.fr\/#organization\",\"name\":\"GP R\u00e9novation\",\"url\":\"https:\/\/gprenovation.fr\/\",\"logo\":{\"@type\":\"ImageObject\",\"inLanguage\":\"en-US\",\"@id\":\"https:\/\/gprenovation.fr\/#\/schema\/logo\/image\/\",\"url\":\"https:\/\/gprenovation.fr\/wp-content\/uploads\/2022\/12\/cropped-icon.png\",\"contentUrl\":\"https:\/\/gprenovation.fr\/wp-content\/uploads\/2022\/12\/cropped-icon.png\",\"width\":500,\"height\":500,\"caption\":\"GP R\u00e9novation\"},\"image\":{\"@id\":\"https:\/\/gprenovation.fr\/#\/schema\/logo\/image\/\"}}]}<\/script>\n<!-- \/ Yoast SEO plugin. -->","yoast_head_json":{"title":"Nos prestations - GP R\u00e9novation","robots":{"index":"index","follow":"follow","max-snippet":"max-snippet:-1","max-image-preview":"max-image-preview:large","max-video-preview":"max-video-preview:-1"},"canonical":"https:\/\/gprenovation.fr\/?page_id=16","og_locale":"en_US","og_type":"article","og_title":"Nos prestations - GP R\u00e9novation","og_description":"Mettez de la couleur dans votre vie en profitant de notre savoir-faire dans chacune des pi\u00e8ces de chez vous. Salle de bain Nous nous occupons de votre salle de bain de A \u00e0 Z. R\u00e9novations Et si on faisait toute la r\u00e9novation int\u00e9rieure de chez vous ? Autres travaux Vous ne pourrez plus vous passer [&hellip;]","og_url":"https:\/\/gprenovation.fr\/?page_id=16","og_site_name":"GP R\u00e9novation","article_modified_time":"2022-11-24T09:51:16+00:00","og_image":[{"width":1600,"height":400,"url":"https:\/\/gprenovation.fr\/wp-content\/uploads\/2022\/11\/cropped-tools-g16702f626_1920.jpg","type":"image\/jpeg"}],"twitter_card":"summary_large_image","twitter_misc":{"Est. reading time":"1 minute"},"schema":{"@context":"https:\/\/schema.org","@graph":[{"@type":"WebPage","@id":"https:\/\/gprenovation.fr\/?page_id=16","url":"https:\/\/gprenovation.fr\/?page_id=16","name":"Nos prestations - GP R\u00e9novation","isPartOf":{"@id":"https:\/\/gprenovation.fr\/#website"},"datePublished":"2022-11-08T11:26:14+00:00","dateModified":"2022-11-24T09:51:16+00:00","breadcrumb":{"@id":"https:\/\/gprenovation.fr\/?page_id=16#breadcrumb"},"inLanguage":"en-US","potentialAction":[{"@type":"ReadAction","target":["https:\/\/gprenovation.fr\/?page_id=16"]}]},{"@type":"BreadcrumbList","@id":"https:\/\/gprenovation.fr\/?page_id=16#breadcrumb","itemListElement":[{"@type":"ListItem","position":1,"name":"Accueil","item":"https:\/\/gprenovation.fr\/"},{"@type":"ListItem","position":2,"name":"Nos prestations"}]},{"@type":"WebSite","@id":"https:\/\/gprenovation.fr\/#website","url":"https:\/\/gprenovation.fr\/","name":"GP R\u00e9novation","description":"Avec nous c&#039;est carr\u00e9 !","publisher":{"@id":"https:\/\/gprenovation.fr\/#organization"},"potentialAction":[{"@type":"SearchAction","target":{"@type":"EntryPoint","urlTemplate":"https:\/\/gprenovation.fr\/?s={search_term_string}"},"query-input":"required name=search_term_string"}],"inLanguage":"en-US"},{"@type":"Organization","@id":"https:\/\/gprenovation.fr\/#organization","name":"GP R\u00e9novation","url":"https:\/\/gprenovation.fr\/","logo":{"@type":"ImageObject","inLanguage":"en-US","@id":"https:\/\/gprenovation.fr\/#\/schema\/logo\/image\/","url":"https:\/\/gprenovation.fr\/wp-content\/uploads\/2022\/12\/cropped-icon.png","contentUrl":"https:\/\/gprenovation.fr\/wp-content\/uploads\/2022\/12\/cropped-icon.png","width":500,"height":500,"caption":"GP R\u00e9novation"},"image":{"@id":"https:\/\/gprenovation.fr\/#\/schema\/logo\/image\/"}}]}},"_links":{"self":[{"href":"https:\/\/gprenovation.fr\/index.php?rest_route=\/wp\/v2\/pages\/16","targetHints":{"allow":["GET"]}}],"collection":[{"href":"https:\/\/gprenovation.fr\/index.php?rest_route=\/wp\/v2\/pages"}],"about":[{"href":"https:\/\/gprenovation.fr\/index.php?rest_route=\/wp\/v2\/types\/page"}],"author":[{"embeddable":true,"href":"https:\/\/gprenovation.fr\/index.php?rest_route=\/wp\/v2\/users\/1"}],"replies":[{"embeddable":true,"href":"https:\/\/gprenovation.fr\/index.php?rest_route=%2Fwp%2Fv2%2Fcomments&post=16"}],"version-history":[{"count":14,"href":"https:\/\/gprenovation.fr\/index.php?rest_route=\/wp\/v2\/pages\/16\/revisions"}],"predecessor-version":[{"id":177,"href":"https:\/\/gprenovation.fr\/index.php?rest_route=\/wp\/v2\/pages\/16\/revisions\/177"}],"wp:featuredmedia":[{"embeddable":true,"href":"https:\/\/gprenovation.fr\/index.php?rest_route=\/wp\/v2\/media\/100"}],"wp:attachment":[{"href":"https:\/\/gprenovation.fr\/index.php?rest_route=%2Fwp%2Fv2%2Fmedia&parent=16"}],"curies":[{"name":"wp","href":"https:\/\/api.w.org\/{rel}","templated":true}]}}